{"id":697,"date":"2018-09-11T09:44:43","date_gmt":"2018-09-11T09:44:43","guid":{"rendered":"http:\/\/konte.uix.store\/elementor\/?page_id=697"},"modified":"2018-09-11T09:44:43","modified_gmt":"2018-09-11T09:44:43","slug":"blog-post","status":"publish","type":"page","link":"https:\/\/puertasocultas.es\/index.php\/elements\/blog-post\/","title":{"rendered":"Blog Post"},"content":{"rendered":"\t\t<div data-elementor-type=\"wp-page\" data-elementor-id=\"697\" class=\"elementor elementor-697\">\n\t\t\t\t\t\t<section class=\"elementor-section elementor-top-section elementor-element elementor-element-e32cc14 elementor-section-boxed elementor-section-height-default elementor-section-height-default\" data-id=\"e32cc14\" data-element_type=\"section\">\n\t\t\t\t\t\t<div class=\"elementor-container elementor-column-gap-no\">\n\t\t\t\t\t<div class=\"elementor-column elementor-col-100 elementor-top-column elementor-element elementor-element-1287e8d\" data-id=\"1287e8d\" data-element_type=\"column\">\n\t\t\t<div class=\"elementor-widget-wrap elementor-element-populated\">\n\t\t\t\t\t\t<div class=\"elementor-element elementor-element-c26d4c6 elementor-widget elementor-widget-konte-posts-carousel\" data-id=\"c26d4c6\" data-element_type=\"widget\" data-settings=\"{&quot;slides_to_scroll&quot;:3,&quot;slides_to_show&quot;:3,&quot;navigation&quot;:&quot;dots&quot;,&quot;infinite&quot;:&quot;yes&quot;,&quot;autoplay&quot;:&quot;yes&quot;,&quot;autoplay_speed&quot;:3000,&quot;pause_on_hover&quot;:&quot;yes&quot;,&quot;speed&quot;:800}\" data-widget_type=\"konte-posts-carousel.default\">\n\t\t\t\t<div class=\"elementor-widget-container\">\n\t\t\t\t\t\t\t<div class=\"konte-post-carousel konte-post-grid konte-post-carousel--elementor konte-carousel--elementor konte-carousel--swiper konte-carousel--nav-dots swiper-container\">\n\t\t\t<div class=\"konte-post-carousel__list swiper-wrapper\">\n\t\t\t\t\t\t\t\t\t<div class=\"post swiper-slide post-11 type-post status-publish format-standard hentry category-blog\">\n\t\t\t\t\t\t\t\t\t\t\t\t<div class=\"konte-post-carousel__summary konte-post-grid__summary\">\n\t\t\t\t\t\t\t<h5 class=\"post-title\"><a href=\"https:\/\/puertasocultas.es\/index.php\/2024\/02\/10\/puertas-ocultas-y-invisibles-6\/\" rel=\"bookmark\">Puertas ocultas y invisibles<\/a><\/h5>\n\t\t\t\t\t\t\t<div class=\"post-summary\">Las puertas ocultas y invisibles son una tendencia en dise\u00f1o de interiores que est\u00e1 ganando popularidad. Estas puertas ofrecen una soluci\u00f3n elegante y funcional para maximizar el espacio y crear&hellip;<\/div>\n\t\t\t\t\t\t\t<a class=\"button alt\" href=\"https:\/\/puertasocultas.es\/index.php\/2024\/02\/10\/puertas-ocultas-y-invisibles-6\/\">Continue reading<\/a>\n\t\t\t\t\t\t<\/div>\n\t\t\t\t\t<\/div>\n\t\t\t\t\t\t\t\t\t<div class=\"post swiper-slide post-10 type-post status-publish format-standard hentry category-blog\">\n\t\t\t\t\t\t\t\t\t\t\t\t<div class=\"konte-post-carousel__summary konte-post-grid__summary\">\n\t\t\t\t\t\t\t<h5 class=\"post-title\"><a href=\"https:\/\/puertasocultas.es\/index.php\/2024\/02\/10\/puertas-ocultas-y-invisibles-5\/\" rel=\"bookmark\">Puertas ocultas y invisibles<\/a><\/h5>\n\t\t\t\t\t\t\t<div class=\"post-summary\">Las puertas ocultas y invisibles son una opci\u00f3n cada vez m\u00e1s popular en el dise\u00f1o de interiores. Estas puertas ofrecen una soluci\u00f3n elegante y funcional para maximizar el espacio y&hellip;<\/div>\n\t\t\t\t\t\t\t<a class=\"button alt\" href=\"https:\/\/puertasocultas.es\/index.php\/2024\/02\/10\/puertas-ocultas-y-invisibles-5\/\">Continue reading<\/a>\n\t\t\t\t\t\t<\/div>\n\t\t\t\t\t<\/div>\n\t\t\t\t\t\t\t\t\t<div class=\"post swiper-slide post-8 type-post status-publish format-standard hentry category-blog\">\n\t\t\t\t\t\t\t\t\t\t\t\t<div class=\"konte-post-carousel__summary konte-post-grid__summary\">\n\t\t\t\t\t\t\t<h5 class=\"post-title\"><a href=\"https:\/\/puertasocultas.es\/index.php\/2024\/02\/10\/puertas-ocultas-y-invisibles-4\/\" rel=\"bookmark\">Puertas ocultas y invisibles<\/a><\/h5>\n\t\t\t\t\t\t\t<div class=\"post-summary\">Las puertas ocultas y invisibles son una tendencia en dise\u00f1o de interiores que ha ganado popularidad en los \u00faltimos a\u00f1os. Estas puertas ofrecen una soluci\u00f3n elegante y funcional para dividir&hellip;<\/div>\n\t\t\t\t\t\t\t<a class=\"button alt\" href=\"https:\/\/puertasocultas.es\/index.php\/2024\/02\/10\/puertas-ocultas-y-invisibles-4\/\">Continue reading<\/a>\n\t\t\t\t\t\t<\/div>\n\t\t\t\t\t<\/div>\n\t\t\t\t\t\t\t\t\t<div class=\"post swiper-slide post-7 type-post status-publish format-standard hentry category-blog\">\n\t\t\t\t\t\t\t\t\t\t\t\t<div class=\"konte-post-carousel__summary konte-post-grid__summary\">\n\t\t\t\t\t\t\t<h5 class=\"post-title\"><a href=\"https:\/\/puertasocultas.es\/index.php\/2024\/02\/10\/puertas-ocultas-y-invisibles-3\/\" rel=\"bookmark\">Puertas ocultas y invisibles<\/a><\/h5>\n\t\t\t\t\t\t\t<div class=\"post-summary\">Las puertas ocultas y invisibles son una opci\u00f3n cada vez m\u00e1s popular en el dise\u00f1o de interiores. Estas puertas se integran perfectamente en la decoraci\u00f3n de una habitaci\u00f3n, ya que&hellip;<\/div>\n\t\t\t\t\t\t\t<a class=\"button alt\" href=\"https:\/\/puertasocultas.es\/index.php\/2024\/02\/10\/puertas-ocultas-y-invisibles-3\/\">Continue reading<\/a>\n\t\t\t\t\t\t<\/div>\n\t\t\t\t\t<\/div>\n\t\t\t\t\t\t\t\t\t<div class=\"post swiper-slide post-6 type-post status-publish format-standard hentry category-blog\">\n\t\t\t\t\t\t\t\t\t\t\t\t<div class=\"konte-post-carousel__summary konte-post-grid__summary\">\n\t\t\t\t\t\t\t<h5 class=\"post-title\"><a href=\"https:\/\/puertasocultas.es\/index.php\/2024\/02\/10\/puertas-ocultas-y-invisibles-2\/\" rel=\"bookmark\">Puertas ocultas y invisibles<\/a><\/h5>\n\t\t\t\t\t\t\t<div class=\"post-summary\">Las puertas ocultas y invisibles son una tendencia en dise\u00f1o de interiores que est\u00e1 ganando popularidad. Estas puertas ofrecen una soluci\u00f3n elegante y funcional para maximizar el espacio en una&hellip;<\/div>\n\t\t\t\t\t\t\t<a class=\"button alt\" href=\"https:\/\/puertasocultas.es\/index.php\/2024\/02\/10\/puertas-ocultas-y-invisibles-2\/\">Continue reading<\/a>\n\t\t\t\t\t\t<\/div>\n\t\t\t\t\t<\/div>\n\t\t\t\t\t\t\t\t\t<div class=\"post swiper-slide post-5 type-post status-publish format-standard hentry category-blog\">\n\t\t\t\t\t\t\t\t\t\t\t\t<div class=\"konte-post-carousel__summary konte-post-grid__summary\">\n\t\t\t\t\t\t\t<h5 class=\"post-title\"><a href=\"https:\/\/puertasocultas.es\/index.php\/2024\/02\/10\/puertas-ocultas-y-invisibles\/\" rel=\"bookmark\">Puertas ocultas y invisibles<\/a><\/h5>\n\t\t\t\t\t\t\t<div class=\"post-summary\">En la actualidad, el dise\u00f1o de interiores ha evolucionado considerablemente, y una de las tendencias m\u00e1s populares es la incorporaci\u00f3n de puertas ocultas y invisibles. Estas puertas ofrecen una soluci\u00f3n&hellip;<\/div>\n\t\t\t\t\t\t\t<a class=\"button alt\" href=\"https:\/\/puertasocultas.es\/index.php\/2024\/02\/10\/puertas-ocultas-y-invisibles\/\">Continue reading<\/a>\n\t\t\t\t\t\t<\/div>\n\t\t\t\t\t<\/div>\n\t\t\t\t\t\t\t\t\t<div class=\"post swiper-slide post-74 type-post status-publish format-standard has-post-thumbnail hentry category-fashion tag-fashion tag-featured tag-shopping tag-summer\">\n\t\t\t\t\t\t\t\t\t\t\t\t\t<a href=\"https:\/\/puertasocultas.es\/index.php\/2018\/08\/26\/go-behind-the-scenes-at-london-fashion-week-spring\/\" class=\"konte-post-carousel__post-thumbnail post-thumbnail\">\n\t\t\t\t\t\t\t\t<img fetchpriority=\"high\" decoding=\"async\" width=\"450\" height=\"300\" src=\"https:\/\/puertasocultas.es\/wp-content\/uploads\/2018\/08\/placeholder-450x300.jpg\" class=\"attachment-konte-post-thumbnail-shortcode size-konte-post-thumbnail-shortcode wp-post-image\" alt=\"\" srcset=\"https:\/\/puertasocultas.es\/wp-content\/uploads\/2018\/08\/placeholder-450x300.jpg 450w, https:\/\/puertasocultas.es\/wp-content\/uploads\/2018\/08\/placeholder-100x68.jpg 100w\" sizes=\"(max-width: 450px) 100vw, 450px\" \/>\t\t\t\t\t\t\t<\/a>\n\t\t\t\t\t\t\t\t\t\t\t\t<div class=\"konte-post-carousel__summary konte-post-grid__summary\">\n\t\t\t\t\t\t\t<h5 class=\"post-title\"><a href=\"https:\/\/puertasocultas.es\/index.php\/2018\/08\/26\/go-behind-the-scenes-at-london-fashion-week-spring\/\" rel=\"bookmark\">Go Behind the Scenes at London Fashion  Week Spring<\/a><\/h5>\n\t\t\t\t\t\t\t<div class=\"post-summary\">Suspendisse potenti. Quisque risus sem, volutpat a sapien et, mattis condimentum est. Suspendisse feugiat cursus turpis, et porta lectus euismod accumsan. Nam felis ipsum, eleifend sit amet sodales pellentesque, commodo&hellip;<\/div>\n\t\t\t\t\t\t\t<a class=\"button alt\" href=\"https:\/\/puertasocultas.es\/index.php\/2018\/08\/26\/go-behind-the-scenes-at-london-fashion-week-spring\/\">Continue reading<\/a>\n\t\t\t\t\t\t<\/div>\n\t\t\t\t\t<\/div>\n\t\t\t\t\t\t\t\t\t<div class=\"post swiper-slide post-71 type-post status-publish format-standard has-post-thumbnail hentry category-lifestyle tag-outfit tag-shopping tag-streetstyle\">\n\t\t\t\t\t\t\t\t\t\t\t\t\t<a href=\"https:\/\/puertasocultas.es\/index.php\/2018\/08\/26\/iconic-eyewear-moments-from-the90s\/\" class=\"konte-post-carousel__post-thumbnail post-thumbnail\">\n\t\t\t\t\t\t\t\t<img fetchpriority=\"high\" decoding=\"async\" width=\"450\" height=\"300\" src=\"https:\/\/puertasocultas.es\/wp-content\/uploads\/2018\/08\/placeholder-450x300.jpg\" class=\"attachment-konte-post-thumbnail-shortcode size-konte-post-thumbnail-shortcode wp-post-image\" alt=\"\" srcset=\"https:\/\/puertasocultas.es\/wp-content\/uploads\/2018\/08\/placeholder-450x300.jpg 450w, https:\/\/puertasocultas.es\/wp-content\/uploads\/2018\/08\/placeholder-100x68.jpg 100w\" sizes=\"(max-width: 450px) 100vw, 450px\" \/>\t\t\t\t\t\t\t<\/a>\n\t\t\t\t\t\t\t\t\t\t\t\t<div class=\"konte-post-carousel__summary konte-post-grid__summary\">\n\t\t\t\t\t\t\t<h5 class=\"post-title\"><a href=\"https:\/\/puertasocultas.es\/index.php\/2018\/08\/26\/iconic-eyewear-moments-from-the90s\/\" rel=\"bookmark\">Iconic Eyewear Moments  From The\u201990s<\/a><\/h5>\n\t\t\t\t\t\t\t<div class=\"post-summary\">Suspendisse potenti. Quisque risus sem, volutpat a sapien et, mattis condimentum est. Suspendisse feugiat cursus turpis, et porta lectus euismod accumsan. Nam felis ipsum, eleifend sit amet sodales pellentesque, commodo&hellip;<\/div>\n\t\t\t\t\t\t\t<a class=\"button alt\" href=\"https:\/\/puertasocultas.es\/index.php\/2018\/08\/26\/iconic-eyewear-moments-from-the90s\/\">Continue reading<\/a>\n\t\t\t\t\t\t<\/div>\n\t\t\t\t\t<\/div>\n\t\t\t\t\t\t\t\t\t<div class=\"post swiper-slide post-68 type-post status-publish format-standard has-post-thumbnail hentry category-culture tag-outfit tag-streetstyle tag-summer\">\n\t\t\t\t\t\t\t\t\t\t\t\t\t<a href=\"https:\/\/puertasocultas.es\/index.php\/2018\/08\/26\/this-seasons-it-shoe-trend-you-need-to-try\/\" class=\"konte-post-carousel__post-thumbnail post-thumbnail\">\n\t\t\t\t\t\t\t\t<img fetchpriority=\"high\" decoding=\"async\" width=\"450\" height=\"300\" src=\"https:\/\/puertasocultas.es\/wp-content\/uploads\/2018\/08\/placeholder-450x300.jpg\" class=\"attachment-konte-post-thumbnail-shortcode size-konte-post-thumbnail-shortcode wp-post-image\" alt=\"\" srcset=\"https:\/\/puertasocultas.es\/wp-content\/uploads\/2018\/08\/placeholder-450x300.jpg 450w, https:\/\/puertasocultas.es\/wp-content\/uploads\/2018\/08\/placeholder-100x68.jpg 100w\" sizes=\"(max-width: 450px) 100vw, 450px\" \/>\t\t\t\t\t\t\t<\/a>\n\t\t\t\t\t\t\t\t\t\t\t\t<div class=\"konte-post-carousel__summary konte-post-grid__summary\">\n\t\t\t\t\t\t\t<h5 class=\"post-title\"><a href=\"https:\/\/puertasocultas.es\/index.php\/2018\/08\/26\/this-seasons-it-shoe-trend-you-need-to-try\/\" rel=\"bookmark\">This Season\u2019s \u2018It\u2019 Shoe Trend You  Need to Try<\/a><\/h5>\n\t\t\t\t\t\t\t<div class=\"post-summary\">Suspendisse potenti. Quisque risus sem, volutpat a sapien et, mattis condimentum est. Suspendisse feugiat cursus turpis, et porta lectus euismod accumsan. Nam felis ipsum, eleifend sit amet sodales pellentesque, commodo&hellip;<\/div>\n\t\t\t\t\t\t\t<a class=\"button alt\" href=\"https:\/\/puertasocultas.es\/index.php\/2018\/08\/26\/this-seasons-it-shoe-trend-you-need-to-try\/\">Continue reading<\/a>\n\t\t\t\t\t\t<\/div>\n\t\t\t\t\t<\/div>\n\t\t\t\t\t\t\t<\/div>\n\t\t\t<div class=\"konte-carousel__pagination swiper-pagination\"><\/div>\t\t<\/div>\n\t\t\t\t\t\t<\/div>\n\t\t\t\t<\/div>\n\t\t\t\t\t<\/div>\n\t\t<\/div>\n\t\t\t\t\t<\/div>\n\t\t<\/section>\n\t\t\t\t<\/div>\n\t\t","protected":false},"excerpt":{"rendered":"<p>Go Behind the Scenes at London Fashion Week Spring Suspendisse potenti. Quisque risus sem, volutpat a sapien et, mattis condimentum est. Suspendisse feugiat cursus turpis, et porta lectus euismod accumsan.&hellip;<\/p>\n","protected":false},"author":1,"featured_media":0,"parent":576,"menu_order":0,"comment_status":"closed","ping_status":"closed","template":"","meta":{"footnotes":""},"class_list":["post-697","page","type-page","status-publish","hentry"],"_links":{"self":[{"href":"https:\/\/puertasocultas.es\/index.php\/wp-json\/wp\/v2\/pages\/697"}],"collection":[{"href":"https:\/\/puertasocultas.es\/index.php\/wp-json\/wp\/v2\/pages"}],"about":[{"href":"https:\/\/puertasocultas.es\/index.php\/wp-json\/wp\/v2\/types\/page"}],"author":[{"embeddable":true,"href":"https:\/\/puertasocultas.es\/index.php\/wp-json\/wp\/v2\/users\/1"}],"replies":[{"embeddable":true,"href":"https:\/\/puertasocultas.es\/index.php\/wp-json\/wp\/v2\/comments?post=697"}],"version-history":[{"count":0,"href":"https:\/\/puertasocultas.es\/index.php\/wp-json\/wp\/v2\/pages\/697\/revisions"}],"up":[{"embeddable":true,"href":"https:\/\/puertasocultas.es\/index.php\/wp-json\/wp\/v2\/pages\/576"}],"wp:attachment":[{"href":"https:\/\/puertasocultas.es\/index.php\/wp-json\/wp\/v2\/media?parent=697"}],"curies":[{"name":"wp","href":"https:\/\/api.w.org\/{rel}","templated":true}]}}